{"id":14,"date":"2008-05-26T20:03:28","date_gmt":"2008-05-27T03:03:28","guid":{"rendered":"http:\/\/www.tivijournal.com\/mj\/wp\/?page_id=14"},"modified":"2018-12-19T16:56:31","modified_gmt":"2018-12-19T21:56:31","slug":"english","status":"publish","type":"page","link":"https:\/\/maximejohnson.com\/techno\/english\/","title":{"rendered":"English"},"content":{"rendered":"<p><img decoding=\"async\" loading=\"lazy\" class=\"aligncenter size-full wp-image-11888\" src=\"http:\/\/34.230.97.218\/wp-content\/uploads\/2018\/12\/maxime-johnson.jpg\" alt=\"\" width=\"560\" height=\"373\" srcset=\"https:\/\/maximejohnson.com\/wp-content\/uploads\/2018\/12\/maxime-johnson.jpg 560w, https:\/\/maximejohnson.com\/wp-content\/uploads\/2018\/12\/maxime-johnson-300x200.jpg 300w, https:\/\/maximejohnson.com\/wp-content\/uploads\/2018\/12\/maxime-johnson-75x50.jpg 75w\" sizes=\"(max-width: 560px) 100vw, 560px\" \/><\/p>\n<p>Maxime Johnson is a Montreal-based freelance journalist focused on technology.<\/p>\n<p>He pens the tech column <em>Vie num\u00e9rique<\/em> in the Montreal Metro newspaper and he writes about technology for L&rsquo;actualit\u00e9. He also writes about tech in various publications, such as Prot\u00e9gez-Vous, Ubergizmo, 01Net and many more.<\/p>\n<p>He is also often interviewed on TV, Radio and in various written media as a tech expert in Quebec.<\/p>\n<p>When he doesn\u2019t work, Maxime likes to read the Sunday newspapers in a coffee shop while drinking an insane amount of caf\u00e9s au lait.<\/p>\n<p>You can reach him at maxime (at) maximejohnson.com.<\/p>\n","protected":false},"excerpt":{"rendered":"<p>Maxime Johnson is a Montreal-based freelance journalist focused on technology. He pens the tech column Vie num\u00e9rique in the Montreal Metro newspaper and he writes about technology for L&rsquo;actualit\u00e9. He also writes about tech in various publications, such as Prot\u00e9gez-Vous, Ubergizmo, 01Net and many more. He is also often interviewed [&hellip;]<\/p>\n","protected":false},"author":2,"featured_media":0,"parent":0,"menu_order":0,"comment_status":"open","ping_status":"open","template":"","meta":{"jetpack_post_was_ever_published":false},"jetpack_shortlink":"https:\/\/wp.me\/P37EYA-e","jetpack_sharing_enabled":true,"_links":{"self":[{"href":"https:\/\/maximejohnson.com\/techno\/wp-json\/wp\/v2\/pages\/14"}],"collection":[{"href":"https:\/\/maximejohnson.com\/techno\/wp-json\/wp\/v2\/pages"}],"about":[{"href":"https:\/\/maximejohnson.com\/techno\/wp-json\/wp\/v2\/types\/page"}],"author":[{"embeddable":true,"href":"https:\/\/maximejohnson.com\/techno\/wp-json\/wp\/v2\/users\/2"}],"replies":[{"embeddable":true,"href":"https:\/\/maximejohnson.com\/techno\/wp-json\/wp\/v2\/comments?post=14"}],"version-history":[{"count":11,"href":"https:\/\/maximejohnson.com\/techno\/wp-json\/wp\/v2\/pages\/14\/revisions"}],"predecessor-version":[{"id":11895,"href":"https:\/\/maximejohnson.com\/techno\/wp-json\/wp\/v2\/pages\/14\/revisions\/11895"}],"wp:attachment":[{"href":"https:\/\/maximejohnson.com\/techno\/wp-json\/wp\/v2\/media?parent=14"}],"curies":[{"name":"wp","href":"https:\/\/api.w.org\/{rel}","templated":true}]}}