{"id":11,"date":"2008-05-26T22:35:25","date_gmt":"2008-05-27T02:35:25","guid":{"rendered":"http:\/\/www.tivijournal.com\/mj\/wp\/?page_id=11"},"modified":"2018-12-31T00:26:32","modified_gmt":"2018-12-31T05:26:32","slug":"a-propos","status":"publish","type":"page","link":"https:\/\/maximejohnson.com\/techno\/a-propos\/","title":{"rendered":"\u00c0 propos"},"content":{"rendered":"<p><img decoding=\"async\" loading=\"lazy\" class=\"aligncenter size-full wp-image-11888\" src=\"http:\/\/34.230.97.218\/wp-content\/uploads\/2018\/12\/maxime-johnson.jpg\" alt=\"\" width=\"560\" height=\"373\" srcset=\"https:\/\/maximejohnson.com\/wp-content\/uploads\/2018\/12\/maxime-johnson.jpg 560w, https:\/\/maximejohnson.com\/wp-content\/uploads\/2018\/12\/maxime-johnson-300x200.jpg 300w, https:\/\/maximejohnson.com\/wp-content\/uploads\/2018\/12\/maxime-johnson-75x50.jpg 75w\" sizes=\"(max-width: 560px) 100vw, 560px\" \/><\/p>\n<p>Maxime Johnson est un journaliste sp\u00e9cialis\u00e9 dans l&rsquo;observation et l&rsquo;analyse des nouvelles technologies.<\/p>\n<p>En plus de couvrir la sc\u00e8ne canadienne, celui-ci se fait un devoir de parcourir le monde pour rencontrer en personne les cr\u00e9ateurs anonymes derri\u00e8re les produits qui se retrouvent sur les tablettes des grands d\u00e9taillants afin d\u2019avoir une meilleure compr\u00e9hension de l\u2019industrie et de ses rouages.<\/p>\n<p>Il signe des chroniques et rubriques dans diff\u00e9rents m\u00e9dias \u00e9crits, dont le journal M\u00e9tro, L&rsquo;actualit\u00e9 et Avenues.ca. Il cumule aussi des piges, toujours par rapport aux nouvelles technologies, pour Prot\u00e9gez-Vous, Les Affaires, Ubergizmo, 01Net et plusieurs autres.<\/p>\n<p>Il commente r\u00e9guli\u00e8rement l&rsquo;actualit\u00e9 \u00e0 la radio et \u00e0 la t\u00e9l\u00e9vision. Il a \u00e9t\u00e9 jur\u00e9 \u00e0 plusieurs reprises, notamment pour la bourse AJIQ-Le Devoir, pour le volet exp\u00e9rimental du Fonds des m\u00e9dias du Canada et pour le D\u00e9fi des villes intelligentes d&rsquo;Infrastructures Canada<\/p>\n<p>Il est reconnu pour ses recherches \u00e9toff\u00e9es, son style amusant et sa connaissance pointue du monde des technologies. Du moins, c\u2019est ce qu\u2019il esp\u00e8re.<\/p>\n<p><b>Ce blogue<\/b><br \/>\nMaximejohnson.com\/techno repr\u00e9sente pour lui l&rsquo;occasion de pousser un peu la r\u00e9flexion sur les sujets technologiques et d&rsquo;\u00e9crire sur diff\u00e9rents sujets pointus, plus difficilement abordables dans les m\u00e9dias qui visent le grand public.<\/p>\n<p>Le moyen le plus facile de le contacter est par courriel au maxime(a)maximejohnson.com.<\/p>\n","protected":false},"excerpt":{"rendered":"<p>Maxime Johnson est un journaliste sp\u00e9cialis\u00e9 dans l&rsquo;observation et l&rsquo;analyse des nouvelles technologies. En plus de couvrir la sc\u00e8ne canadienne, celui-ci se fait un devoir de parcourir le monde pour rencontrer en personne les cr\u00e9ateurs anonymes derri\u00e8re les produits qui se retrouvent sur les tablettes des grands d\u00e9taillants afin d\u2019avoir [&hellip;]<\/p>\n","protected":false},"author":2,"featured_media":0,"parent":0,"menu_order":0,"comment_status":"open","ping_status":"open","template":"","meta":{"jetpack_post_was_ever_published":false},"jetpack_shortlink":"https:\/\/wp.me\/P37EYA-b","jetpack_sharing_enabled":true,"_links":{"self":[{"href":"https:\/\/maximejohnson.com\/techno\/wp-json\/wp\/v2\/pages\/11"}],"collection":[{"href":"https:\/\/maximejohnson.com\/techno\/wp-json\/wp\/v2\/pages"}],"about":[{"href":"https:\/\/maximejohnson.com\/techno\/wp-json\/wp\/v2\/types\/page"}],"author":[{"embeddable":true,"href":"https:\/\/maximejohnson.com\/techno\/wp-json\/wp\/v2\/users\/2"}],"replies":[{"embeddable":true,"href":"https:\/\/maximejohnson.com\/techno\/wp-json\/wp\/v2\/comments?post=11"}],"version-history":[{"count":15,"href":"https:\/\/maximejohnson.com\/techno\/wp-json\/wp\/v2\/pages\/11\/revisions"}],"predecessor-version":[{"id":11914,"href":"https:\/\/maximejohnson.com\/techno\/wp-json\/wp\/v2\/pages\/11\/revisions\/11914"}],"wp:attachment":[{"href":"https:\/\/maximejohnson.com\/techno\/wp-json\/wp\/v2\/media?parent=11"}],"curies":[{"name":"wp","href":"https:\/\/api.w.org\/{rel}","templated":true}]}}